{"id":20,"date":"2019-08-15T15:42:53","date_gmt":"2019-08-15T18:42:53","guid":{"rendered":"http:\/\/businesstech.net.br\/btf\/?page_id=20"},"modified":"2019-09-10T12:29:36","modified_gmt":"2019-09-10T15:29:36","slug":"quem-somos","status":"publish","type":"page","link":"https:\/\/businesstech.net.br\/btf\/quem-somos\/","title":{"rendered":"QUEM SOMOS"},"content":{"rendered":"<p><img decoding=\"async\" class=\"alignright size-medium\" src=\"https:\/\/www.businesstech.net.br\/site\/wp-content\/uploads\/2019\/03\/logo_event.jpg\" width=\"150\" height=\"138\" \/><span style=\"font-size: 14pt;\">A Event Editora Ltda. \u00e9 respons\u00e1vel por duas das principais publica\u00e7\u00f5es brasileiras no segmento de tecnologia:<\/span><\/p>\n<p><span style=\"font-size: 14pt;\"><strong>HOME THEATER &amp; CASA DIGITAL (<a href=\"https:\/\/www.hometheater.com.br\/portal\/\">hometheater.com.br<\/a>)<\/strong>, fundada em 1996 e at\u00e9 hoje l\u00edder de mercado, com distribui\u00e7\u00e3o em bancas, livrarias e aeroportos das 200 maiores cidades do pa\u00eds.<\/span><\/p>\n<p><span style=\"font-size: 14pt;\"><strong>BUSINESS TECH MULTIM\u00cdDIA (<a href=\"https:\/\/www.businesstech.net.br\/site\/\">businesstech.net.br<\/a>)<\/strong>, fundada em 2015 e distribu\u00edda a um mailing seleto de profissionais da \u00e1rea.<\/span><\/p>\n<p><span style=\"font-size: 14pt;\">A Editora tamb\u00e9m produz o anu\u00e1rio HOME THEATER BEST (<strong><a href=\"http:\/\/www.eventeditora.com.br\/best\/\">hometheater.com.br\/best<\/a><\/strong>), direcionado aos segmentos de arquitetura, design e projetos residenciais. E o hot site Smart Home (<strong><a href=\"https:\/\/www.hometheater.com.br\/portal\/smart-home\/\">hometheater.com.br\/smarthome<\/a><\/strong>), cujo p\u00fablico-alvo s\u00e3o usu\u00e1rios e profissionais de automa\u00e7\u00e3o residencial e predial.<\/span><\/p>\n<p><span style=\"font-size: 14pt;\">Promovemos tamb\u00e9m o\u00a0<a href=\"http:\/\/www.homexpert.com.br\"><strong><span style=\"color: #117eff;\">Programa HOME EXPERT<\/span><\/strong><\/a>, que desde 2011 vem formando integradores especializados em projetos residenciais de \u00e1udio, v\u00eddeo e automa\u00e7\u00e3o.<\/span><\/p>\n<p><span style=\"font-size: 14pt;\"><img fetchpriority=\"high\" decoding=\"async\" class=\"alignright size-medium wp-image-6002\" src=\"https:\/\/www.businesstech.net.br\/site\/wp-content\/uploads\/2019\/03\/home_expert-300x170.jpg\" sizes=\"(max-width: 300px) 100vw, 300px\" srcset=\"https:\/\/www.businesstech.net.br\/site\/wp-content\/uploads\/2019\/03\/home_expert-300x170.jpg 300w, https:\/\/www.businesstech.net.br\/site\/wp-content\/uploads\/2019\/03\/home_expert-777x437.jpg 777w, https:\/\/www.businesstech.net.br\/site\/wp-content\/uploads\/2019\/03\/home_expert-260x146.jpg 260w, https:\/\/www.businesstech.net.br\/site\/wp-content\/uploads\/2019\/03\/home_expert-120x67.jpg 120w, https:\/\/www.businesstech.net.br\/site\/wp-content\/uploads\/2019\/03\/home_expert.jpg 800w\" alt=\"\" width=\"300\" height=\"170\" data-attachment-id=\"6002\" data-permalink=\"https:\/\/www.businesstech.net.br\/site\/quem-somos\/home_expert\/\" data-orig-file=\"https:\/\/www.businesstech.net.br\/site\/wp-content\/uploads\/2019\/03\/home_expert.jpg\" data-orig-size=\"800,454\" data-comments-opened=\"1\" data-image-meta=\"{&quot;aperture&quot;:&quot;0&quot;,&quot;credit&quot;:&quot;&quot;,&quot;camera&quot;:&quot;&quot;,&quot;caption&quot;:&quot;&quot;,&quot;created_timestamp&quot;:&quot;0&quot;,&quot;copyright&quot;:&quot;&quot;,&quot;focal_length&quot;:&quot;0&quot;,&quot;iso&quot;:&quot;0&quot;,&quot;shutter_speed&quot;:&quot;0&quot;,&quot;title&quot;:&quot;&quot;,&quot;orientation&quot;:&quot;0&quot;}\" data-image-title=\"home_expert\" data-image-description=\"\" data-medium-file=\"https:\/\/www.businesstech.net.br\/site\/wp-content\/uploads\/2019\/03\/home_expert-300x170.jpg\" data-large-file=\"https:\/\/www.businesstech.net.br\/site\/wp-content\/uploads\/2019\/03\/home_expert.jpg\" \/>Al\u00e9m disso, ao longo de sua hist\u00f3ria, a Event vem organizando diversos eventos focados no aperfei\u00e7oamento t\u00e9cnico dos profissionais brasileiros, em parceria com entidades de renome como<strong>\u00a0<a href=\"https:\/\/www.avixa.org\/pt\">AVIXA<\/a><\/strong>,\u00a0<strong><a href=\"http:\/\/www.aureside.org.br\/\">AURESIDE<\/a><\/strong>\u00a0e\u00a0<strong><a href=\"https:\/\/www.cedia.net\/\">CEDIA<\/a><\/strong>, entre outras.\u00a0<\/span><\/p>\n<p>&nbsp;<\/p>\n","protected":false},"excerpt":{"rendered":"<p>A Event Editora Ltda. \u00e9 respons\u00e1vel por duas das principais publica\u00e7\u00f5es brasileiras no segmento de tecnologia: HOME THEATER &amp; CASA DIGITAL (hometheater.com.br), fundada em 1996 e at\u00e9 hoje l\u00edder de mercado, com distribui\u00e7\u00e3o em bancas, livrarias e aeroportos das 200 maiores cidades do pa\u00eds. BUSINESS TECH MULTIM\u00cdDIA (businesstech.net.br), fundada em&hellip;<\/p>\n","protected":false},"author":1,"featured_media":0,"parent":0,"menu_order":0,"comment_status":"closed","ping_status":"closed","template":"fullwidth-template.php","meta":{"footnotes":""},"class_list":["post-20","page","type-page","status-publish","hentry"],"_links":{"self":[{"href":"https:\/\/businesstech.net.br\/btf\/wp-json\/wp\/v2\/pages\/20","targetHints":{"allow":["GET"]}}],"collection":[{"href":"https:\/\/businesstech.net.br\/btf\/wp-json\/wp\/v2\/pages"}],"about":[{"href":"https:\/\/businesstech.net.br\/btf\/wp-json\/wp\/v2\/types\/page"}],"author":[{"embeddable":true,"href":"https:\/\/businesstech.net.br\/btf\/wp-json\/wp\/v2\/users\/1"}],"replies":[{"embeddable":true,"href":"https:\/\/businesstech.net.br\/btf\/wp-json\/wp\/v2\/comments?post=20"}],"version-history":[{"count":12,"href":"https:\/\/businesstech.net.br\/btf\/wp-json\/wp\/v2\/pages\/20\/revisions"}],"predecessor-version":[{"id":519,"href":"https:\/\/businesstech.net.br\/btf\/wp-json\/wp\/v2\/pages\/20\/revisions\/519"}],"wp:attachment":[{"href":"https:\/\/businesstech.net.br\/btf\/wp-json\/wp\/v2\/media?parent=20"}],"curies":[{"name":"wp","href":"https:\/\/api.w.org\/{rel}","templated":true}]}}