{"id":335,"date":"2019-09-04T10:58:07","date_gmt":"2019-09-04T13:58:07","guid":{"rendered":"https:\/\/businesstech.net.br\/btf\/?page_id=335"},"modified":"2019-10-21T10:51:11","modified_gmt":"2019-10-21T13:51:11","slug":"tecnologia","status":"publish","type":"page","link":"https:\/\/businesstech.net.br\/btf\/tecnologia\/","title":{"rendered":"2\u00aa edi\u00e7\u00e3o"},"content":{"rendered":"\t\t<div data-elementor-type=\"wp-post\" data-elementor-id=\"335\" class=\"elementor elementor-335\">\n\t\t\t\t\t\t<section class=\"elementor-section elementor-top-section elementor-element elementor-element-737ed15f elementor-section-boxed elementor-section-height-default elementor-section-height-default\" data-id=\"737ed15f\" data-element_type=\"section\" data-e-type=\"section\" data-settings=\"{&quot;background_background&quot;:&quot;classic&quot;}\">\n\t\t\t\t\t\t\t<div class=\"elementor-background-overlay\"><\/div>\n\t\t\t\t\t\t\t<div class=\"elementor-container elementor-column-gap-default\">\n\t\t\t\t\t<div class=\"elementor-column elementor-col-100 elementor-top-column elementor-element elementor-element-2a9edac2\" data-id=\"2a9edac2\" data-element_type=\"column\" data-e-type=\"column\">\n\t\t\t<div class=\"elementor-widget-wrap elementor-element-populated\">\n\t\t\t\t\t\t<div class=\"elementor-element elementor-element-5a0215bc elementor-widget elementor-widget-text-editor\" data-id=\"5a0215bc\" data-element_type=\"widget\" data-e-type=\"widget\" data-widget_type=\"text-editor.default\">\n\t\t\t\t<div class=\"elementor-widget-container\">\n\t\t\t\t\t\t\t\t\t<h1 style=\"font-weight: 400;\"><span style=\"text-decoration: underline;\"><span style=\"font-size: 24pt;\"><span style=\"color: inherit; font-family: inherit; background-color: transparent; text-decoration: underline;\">BUSINESS TECH FORUM EDUCA\u00c7\u00c3O 2<\/span><\/span><\/span><\/h1><div><span style=\"color: inherit; font-family: inherit; font-size: 1.25rem; background-color: transparent;\">\u00a0<\/span><\/div><div><p><strong style=\"color: inherit; font-family: inherit; font-size: 1.25rem; background-color: transparent;\">Data:\u00a0<\/strong><span style=\"background-color: transparent; font-size: 20px;\"><b>A confirmar<\/b><\/span><\/p><\/div><div><strong style=\"color: inherit; font-family: inherit; font-size: 1.25rem; background-color: transparent;\">Local:<\/strong><span style=\"color: inherit; font-family: inherit; font-size: 1.25rem; background-color: transparent;\">\u00a0Hotel Century Paulista<\/span><br \/><strong style=\"color: inherit; font-family: inherit; font-size: 1.25rem; background-color: transparent;\">Hor\u00e1rio:\u00a0<\/strong><span style=\"font-size: 20px;\">13h \u00e0s 19h<\/span><\/div><div><span style=\"font-size: 20px;\">\u00a0<\/span><\/div><div><a href=\"https:\/\/www.google.com\/maps\/place\/Hotel+Century+Paulista\/@-23.573391,-46.649625,13z\/data=!4m8!3m7!1s0x0:0xa7964e1da6940424!5m2!4m1!1i2!8m2!3d-23.573391!4d-46.6496252?hl=pt-BR\"><img fetchpriority=\"high\" decoding=\"async\" src=\"https:\/\/businesstech.net.br\/btf\/wp-content\/uploads\/2019\/09\/hotel_paulista.jpg\" alt=\"\" width=\"450\" height=\"151\" \/><\/a><\/div><p style=\"padding-left: 360px;\"><span style=\"font-size: 20px;\">\u00a0<\/span><\/p><h3><span style=\"color: inherit; font-family: inherit; font-size: 1.75rem;\">\u00a0<\/span><u style=\"background-color: transparent; color: inherit; font-family: inherit; font-size: 1.25rem;\"><b>GRADE\u00a0 DE PALESTRAS<\/b><\/u><\/h3><div>\u00a0<\/div><div><strong>\u00a0<\/strong><\/div><div><p><span style=\"color: inherit; font-family: inherit; font-size: 1.25rem;\"><b>\u2014\u00a0<\/b><\/span><span style=\"font-size: 20px;\">Interatividade e Educa\u00e7\u00e3o 4.0<\/span><\/p><p><b>\u00a0<\/b><\/p><\/div><div><p><b><span style=\"color: inherit; font-family: inherit; font-size: 1.25rem;\">\u2014\u00a0<\/span><\/b><span style=\"font-size: 20px;\">Sistemas de Colabora\u00e7\u00e3o como ferramentas de aprendizagem<\/span><\/p><p><b style=\"color: inherit; font-family: inherit; font-size: 1.25rem;\">\u2014\u00a0<\/b><span style=\"font-size: 20px;\">Como montar um projeto de tecnologias integradas no campus<\/span><br \/><b style=\"color: inherit; font-family: inherit; font-size: 1.25rem;\">\u2014\u00a0<\/b><span style=\"font-size: 20px;\">Educa\u00e7\u00e3o a dist\u00e2ncia e o novo papel do professor\u00a0<\/span><span style=\"color: rgba(0, 0, 0, 0); font-family: inherit;\"><span style=\"font-size: 1.25rem;\">\u00a0<\/span><\/span><\/p><\/div><div><p><span style=\"color: inherit; font-family: inherit; font-size: 1.25rem;\"><b>\u00a0<\/b><\/span><\/p><h2><em style=\"font-size: 16px; text-align: center;\"><b><u>PARTICIPANTES COMENTAM O SUCESSO DO 1\u00ba. BUSINESS TECH FORUM (clique abaixo para assistir)\u00a0<\/u><\/b><\/em><em style=\"text-align: center; font-size: 16px;\">\u00a0\u00a0<\/em><\/h2><\/div><h6 style=\"text-align: center;\"><em><b><a href=\"https:\/\/www.youtube.com\/watch?v=NAC-pwPSX5g\"><img decoding=\"async\" class=\"size-medium wp-image-539 alignleft\" src=\"https:\/\/businesstech.net.br\/btf\/wp-content\/uploads\/2019\/09\/video_btf-300x168.jpg\" alt=\"\" width=\"300\" height=\"168\" srcset=\"https:\/\/businesstech.net.br\/btf\/wp-content\/uploads\/2019\/09\/video_btf-300x168.jpg 300w, https:\/\/businesstech.net.br\/btf\/wp-content\/uploads\/2019\/09\/video_btf.jpg 450w\" sizes=\"(max-width: 300px) 100vw, 300px\" \/><\/a>\u00a0<\/b><\/em><\/h6><h6 style=\"text-align: center;\"><em><b>\u00a0<\/b><\/em><\/h6><h6 style=\"text-align: center;\"><em><b>Obs.:\u00a0<\/b><strong>todas as sess\u00f5es ser\u00e3o gravadas e disponibilizadas via streaming, no site do evento.\u00a0<\/strong><\/em><\/h6>\t\t\t\t\t\t\t\t<\/div>\n\t\t\t\t<\/div>\n\t\t\t\t\t<\/div>\n\t\t<\/div>\n\t\t\t\t\t<\/div>\n\t\t<\/section>\n\t\t\t\t<section class=\"elementor-section elementor-top-section elementor-element elementor-element-d78a475 elementor-section-boxed elementor-section-height-default elementor-section-height-default\" data-id=\"d78a475\" data-element_type=\"section\" data-e-type=\"section\">\n\t\t\t\t\t\t<div class=\"elementor-container elementor-column-gap-default\">\n\t\t\t\t\t<div class=\"elementor-column elementor-col-100 elementor-top-column elementor-element elementor-element-8c99ad7\" data-id=\"8c99ad7\" data-element_type=\"column\" data-e-type=\"column\">\n\t\t\t<div class=\"elementor-widget-wrap\">\n\t\t\t\t\t\t\t<\/div>\n\t\t<\/div>\n\t\t\t\t\t<\/div>\n\t\t<\/section>\n\t\t\t\t<section class=\"elementor-section elementor-top-section elementor-element elementor-element-09c2831 elementor-section-boxed elementor-section-height-default elementor-section-height-default\" data-id=\"09c2831\" data-element_type=\"section\" data-e-type=\"section\">\n\t\t\t\t\t\t<div class=\"elementor-container elementor-column-gap-default\">\n\t\t\t\t\t<div class=\"elementor-column elementor-col-100 elementor-top-column elementor-element elementor-element-753e5c3\" data-id=\"753e5c3\" data-element_type=\"column\" data-e-type=\"column\">\n\t\t\t<div class=\"elementor-widget-wrap elementor-element-populated\">\n\t\t\t\t\t\t<div class=\"elementor-element elementor-element-5d48f84 elementor-widget elementor-widget-html\" data-id=\"5d48f84\" data-element_type=\"widget\" data-e-type=\"widget\" data-widget_type=\"html.default\">\n\t\t\t\t<div class=\"elementor-widget-container\">\n\t\t\t\t\t<table width=\"500\" border=\"0\">\r\n  <tr>\r\n    <td width=\"245\"><strong>PATROC\u00cdNIO:<\/strong><\/td>\r\n    <td width=\"245\">&nbsp;<\/td>\r\n  <\/tr>\r\n  <tr>\r\n    <td>&nbsp;<\/td>\r\n    <td>&nbsp;<\/td>\r\n  <\/tr>\r\n  <tr>\r\n    <td><div align=\"center\"><a href=\"https:\/\/www.audiogene.com.br\"><img decoding=\"async\" src=\"https:\/\/businesstech.net.br\/btf\/wp-content\/uploads\/2019\/10\/audiogene_logo-1.png\" border=\"0\" \/><\/a><\/div><\/td>\r\n    <td><div align=\"center\"><a href=\"https:\/\/www.benq.com\/pt-br\/index.html\"><img decoding=\"async\" src=\"https:\/\/businesstech.net.br\/btf\/wp-content\/uploads\/2019\/10\/benq_logo.png\" border=\"0\"\/><\/a><\/div><\/td>\r\n  <\/tr>\r\n<\/table>\t\t\t\t<\/div>\n\t\t\t\t<\/div>\n\t\t\t\t\t<\/div>\n\t\t<\/div>\n\t\t\t\t\t<\/div>\n\t\t<\/section>\n\t\t\t\t<\/div>\n\t\t","protected":false},"excerpt":{"rendered":"<p>BUSINESS TECH FORUM EDUCA\u00c7\u00c3O 2 \u00a0 Data:\u00a0A confirmar Local:\u00a0Hotel Century PaulistaHor\u00e1rio:\u00a013h \u00e0s 19h\u00a0 \u00a0 \u00a0GRADE\u00a0 DE PALESTRAS \u00a0\u00a0 \u2014\u00a0Interatividade e Educa\u00e7\u00e3o 4.0 \u00a0 \u2014\u00a0Sistemas de Colabora\u00e7\u00e3o como ferramentas de aprendizagem \u2014\u00a0Como montar um projeto de tecnologias integradas no campus\u2014\u00a0Educa\u00e7\u00e3o a dist\u00e2ncia e o novo papel do professor\u00a0\u00a0 \u00a0 PARTICIPANTES COMENTAM&hellip;<\/p>\n","protected":false},"author":1,"featured_media":0,"parent":0,"menu_order":0,"comment_status":"closed","ping_status":"closed","template":"fullwidth-template.php","meta":{"footnotes":""},"class_list":["post-335","page","type-page","status-publish","hentry"],"_links":{"self":[{"href":"https:\/\/businesstech.net.br\/btf\/wp-json\/wp\/v2\/pages\/335","targetHints":{"allow":["GET"]}}],"collection":[{"href":"https:\/\/businesstech.net.br\/btf\/wp-json\/wp\/v2\/pages"}],"about":[{"href":"https:\/\/businesstech.net.br\/btf\/wp-json\/wp\/v2\/types\/page"}],"author":[{"embeddable":true,"href":"https:\/\/businesstech.net.br\/btf\/wp-json\/wp\/v2\/users\/1"}],"replies":[{"embeddable":true,"href":"https:\/\/businesstech.net.br\/btf\/wp-json\/wp\/v2\/comments?post=335"}],"version-history":[{"count":37,"href":"https:\/\/businesstech.net.br\/btf\/wp-json\/wp\/v2\/pages\/335\/revisions"}],"predecessor-version":[{"id":562,"href":"https:\/\/businesstech.net.br\/btf\/wp-json\/wp\/v2\/pages\/335\/revisions\/562"}],"wp:attachment":[{"href":"https:\/\/businesstech.net.br\/btf\/wp-json\/wp\/v2\/media?parent=335"}],"curies":[{"name":"wp","href":"https:\/\/api.w.org\/{rel}","templated":true}]}}